{"id":85,"date":"2017-08-03T01:08:43","date_gmt":"2017-08-03T01:08:43","guid":{"rendered":"http:\/\/www.maglaweb.com.ar\/castanas-en-almibar-marron-glace\/?page_id=85"},"modified":"2026-03-31T13:02:41","modified_gmt":"2026-03-31T13:02:41","slug":"castanas-en-almibar","status":"publish","type":"page","link":"https:\/\/www.maglaweb.com.ar\/castanas-en-almibar-marron-glace\/productos\/castanas-en-almibar\/","title":{"rendered":"Casta\u00f1as en Almibar"},"content":{"rendered":"<p><strong>Presentaci\u00f3n en Frascos<\/strong><\/p>\n<p><img loading=\"lazy\" decoding=\"async\" src=\"http:\/\/www.maglaweb.com.ar\/castanas-en-almibar-marron-glace\/wp-content\/uploads\/2026\/03\/frasco.jpg\" alt=\"\" width=\"300\" height=\"346\" \/><\/p>\n<p>&nbsp;<\/p>\n<p><strong>Ingredientes:<\/strong> casta\u00f1as, az\u00facar, agua, glucosa, vainillina.<br \/>\n<strong>Conservaci\u00f3n:<\/strong> Conservar en lugar fresco y seco.<br \/>\nUna vez abierto conservar en heladera con una temperatura de 2 a 6 grados cent\u00edgrados.<br \/>\n<strong>Contenido:<\/strong> Peso escurrido 280 g.<br \/>\nPeso Neto 400 g.<br \/>\n<strong>Embalaje:<\/strong> Cajas de cart\u00f3n conteniendo 12 frascos.<br \/>\nSin conservantes ni agregados qu\u00edmicos.<\/p>\n<p><strong><a href=\"http:\/\/www.maglaweb.com.ar\/castanas-en-almibar-marron-glace\/productos\/\">&lt;&lt; Volver<\/a><\/strong><\/p>\n<p>&nbsp;<\/p>\n","protected":false},"excerpt":{"rendered":"<p>Presentaci\u00f3n en Frascos &nbsp; Ingredientes: casta\u00f1as, az\u00facar, agua, glucosa, vainillina. Conservaci\u00f3n: Conservar en lugar fresco y seco. Una vez abierto conservar en heladera con una temperatura de 2 a 6 grados cent\u00edgrados. Contenido: Peso escurrido 280 g. Peso Neto 400 g. Embalaje: Cajas de cart\u00f3n conteniendo 12 frascos. Sin conservantes ni agregados qu\u00edmicos. &lt;&lt; Volver &nbsp;<\/p>\n","protected":false},"author":1,"featured_media":0,"parent":60,"menu_order":0,"comment_status":"closed","ping_status":"closed","template":"","meta":{"footnotes":""},"class_list":["post-85","page","type-page","status-publish","hentry"],"aioseo_notices":[],"_links":{"self":[{"href":"https:\/\/www.maglaweb.com.ar\/castanas-en-almibar-marron-glace\/wp-json\/wp\/v2\/pages\/85","targetHints":{"allow":["GET"]}}],"collection":[{"href":"https:\/\/www.maglaweb.com.ar\/castanas-en-almibar-marron-glace\/wp-json\/wp\/v2\/pages"}],"about":[{"href":"https:\/\/www.maglaweb.com.ar\/castanas-en-almibar-marron-glace\/wp-json\/wp\/v2\/types\/page"}],"author":[{"embeddable":true,"href":"https:\/\/www.maglaweb.com.ar\/castanas-en-almibar-marron-glace\/wp-json\/wp\/v2\/users\/1"}],"replies":[{"embeddable":true,"href":"https:\/\/www.maglaweb.com.ar\/castanas-en-almibar-marron-glace\/wp-json\/wp\/v2\/comments?post=85"}],"version-history":[{"count":6,"href":"https:\/\/www.maglaweb.com.ar\/castanas-en-almibar-marron-glace\/wp-json\/wp\/v2\/pages\/85\/revisions"}],"predecessor-version":[{"id":270,"href":"https:\/\/www.maglaweb.com.ar\/castanas-en-almibar-marron-glace\/wp-json\/wp\/v2\/pages\/85\/revisions\/270"}],"up":[{"embeddable":true,"href":"https:\/\/www.maglaweb.com.ar\/castanas-en-almibar-marron-glace\/wp-json\/wp\/v2\/pages\/60"}],"wp:attachment":[{"href":"https:\/\/www.maglaweb.com.ar\/castanas-en-almibar-marron-glace\/wp-json\/wp\/v2\/media?parent=85"}],"curies":[{"name":"wp","href":"https:\/\/api.w.org\/{rel}","templated":true}]}}