{"id":82,"date":"2017-08-02T21:13:25","date_gmt":"2017-08-02T21:13:25","guid":{"rendered":"http:\/\/www.maglaweb.com.ar\/castanas-en-almibar-marron-glace\/?page_id=82"},"modified":"2017-08-28T13:03:11","modified_gmt":"2017-08-28T13:03:11","slug":"82-2","status":"publish","type":"page","link":"https:\/\/www.maglaweb.com.ar\/castanas-en-almibar-marron-glace\/82-2\/","title":{"rendered":"."},"content":{"rendered":"<p><strong>Bienvenidos a nuestro sitio!<\/strong><\/p>\n<p>Les damos la bienvenida a nuestro sitio a todos nuestros clientes, y a aquellos que aun no lo son, ofreciendo nuestros<br \/>\nproductos a la venta, difundiendo el uso de las casta\u00f1as en pasteler\u00eda, helader\u00eda y la industria gastron\u00f3mica en general.<\/p>\n<p>Queremos establecer un contacto m\u00e1s cercano con el p\u00fablico amante de la buena gastronom\u00eda y brindar informaci\u00f3n sobre<br \/>\neste fascinante fruto que es la casta\u00f1a la cual, por nobleza, delicadeza y valor nutricional, viene acompa\u00f1ando<br \/>\na la humanidad a trav\u00e9s de los siglos y a lo largo y ancho del mundo.<\/p>\n<p>Los invitamos a conocer nuestros productos y a recorrer nuestro sitio donde podr\u00e1n obtener los detalles de contacto<br \/>\npara adquirirlos, en funci\u00f3n de las necesidades para cada tipo de comercio e industria, introduciendo la variedad<br \/>\nde envases y presentaciones que se ofrecen.<\/p>\n<p>Asimismo, ofrecemos informaci\u00f3n acerca de las preparaciones culinarias que se pueden llevar a cabo, en particular<br \/>\naquellas relacionadas con el marr\u00f3n glac\u00e9. Del mismo modo, nos introduciremos en el t\u00fanel del tiempo para conocer<br \/>\nel origen y la historia de las casta\u00f1as y el desarrollo obtenido en la industria alimenticia y gastron\u00f3mica.<\/p>\n","protected":false},"excerpt":{"rendered":"<p>Bienvenidos a nuestro sitio! Les damos la bienvenida a nuestro sitio a todos nuestros clientes, y a aquellos que aun no lo son, ofreciendo nuestros productos a la venta, difundiendo el uso de las casta\u00f1as en pasteler\u00eda, helader\u00eda y la industria gastron\u00f3mica en general. Queremos establecer un contacto m\u00e1s cercano con el p\u00fablico amante de la buena gastronom\u00eda y brindar informaci\u00f3n sobre este fascinante fruto que es la casta\u00f1a la cual, por nobleza, delicadeza y valor nutricional, viene acompa\u00f1ando a [&hellip;]<\/p>\n","protected":false},"author":1,"featured_media":80,"parent":0,"menu_order":0,"comment_status":"closed","ping_status":"closed","template":"","meta":{"footnotes":""},"class_list":["post-82","page","type-page","status-publish","has-post-thumbnail","hentry"],"aioseo_notices":[],"_links":{"self":[{"href":"https:\/\/www.maglaweb.com.ar\/castanas-en-almibar-marron-glace\/wp-json\/wp\/v2\/pages\/82","targetHints":{"allow":["GET"]}}],"collection":[{"href":"https:\/\/www.maglaweb.com.ar\/castanas-en-almibar-marron-glace\/wp-json\/wp\/v2\/pages"}],"about":[{"href":"https:\/\/www.maglaweb.com.ar\/castanas-en-almibar-marron-glace\/wp-json\/wp\/v2\/types\/page"}],"author":[{"embeddable":true,"href":"https:\/\/www.maglaweb.com.ar\/castanas-en-almibar-marron-glace\/wp-json\/wp\/v2\/users\/1"}],"replies":[{"embeddable":true,"href":"https:\/\/www.maglaweb.com.ar\/castanas-en-almibar-marron-glace\/wp-json\/wp\/v2\/comments?post=82"}],"version-history":[{"count":2,"href":"https:\/\/www.maglaweb.com.ar\/castanas-en-almibar-marron-glace\/wp-json\/wp\/v2\/pages\/82\/revisions"}],"predecessor-version":[{"id":140,"href":"https:\/\/www.maglaweb.com.ar\/castanas-en-almibar-marron-glace\/wp-json\/wp\/v2\/pages\/82\/revisions\/140"}],"wp:featuredmedia":[{"embeddable":true,"href":"https:\/\/www.maglaweb.com.ar\/castanas-en-almibar-marron-glace\/wp-json\/wp\/v2\/media\/80"}],"wp:attachment":[{"href":"https:\/\/www.maglaweb.com.ar\/castanas-en-almibar-marron-glace\/wp-json\/wp\/v2\/media?parent=82"}],"curies":[{"name":"wp","href":"https:\/\/api.w.org\/{rel}","templated":true}]}}