{"id":24,"date":"2017-08-02T19:29:02","date_gmt":"2017-08-02T19:29:02","guid":{"rendered":"http:\/\/www.maglaweb.com.ar\/castanas-en-almibar-marron-glace\/?page_id=24"},"modified":"2017-08-28T13:29:48","modified_gmt":"2017-08-28T13:29:48","slug":"eventos","status":"publish","type":"page","link":"https:\/\/www.maglaweb.com.ar\/castanas-en-almibar-marron-glace\/eventos\/","title":{"rendered":"Eventos"},"content":{"rendered":"<table border=\"0\" width=\"77%\" cellspacing=\"0\" cellpadding=\"0\">\n<tbody>\n<tr>\n<td align=\"center\" valign=\"middle\" width=\"294\" height=\"134\"><img loading=\"lazy\" decoding=\"async\" src=\"http:\/\/www.maglaweb.com.ar\/imagenes\/fithep2017.jpg\" width=\"117\" height=\"140\" \/><\/td>\n<td width=\"29\"><\/td>\n<td valign=\"top\" width=\"327\">\n<p class=\"Estilo11 style8\"><strong>Feria Internacional de Tecnolog\u00eda para<br \/>\nHelados, Confituras, Chocolates,<br \/>\nPanificados, Pastas, Pizzas y Art\u00edculos<br \/>\nde Conveniencia<br \/>\nDel 5 al 8 Junio 2017<br \/>\nCentro Costa Salguero<br \/>\nBuenos Aires \u2013 Argentina<\/strong><\/p>\n<p><a class=\"botones\" href=\"http:\/\/www.fithep-expoalimentaria.com\/system\/index.php\" target=\"_blank\" rel=\"noopener\">&gt;&gt; Ver m\u00e1s informaci\u00f3n<\/a><\/td>\n<\/tr>\n<tr>\n<td align=\"center\" valign=\"middle\" height=\"19\"><\/td>\n<td><\/td>\n<td valign=\"top\"><\/td>\n<\/tr>\n<tr>\n<td align=\"center\" valign=\"middle\" height=\"134\"><span class=\"Estilo11 style33\"><img loading=\"lazy\" decoding=\"async\" src=\"http:\/\/www.maglaweb.com.ar\/imagenes\/fithep2015.jpg\" width=\"117\" height=\"105\" \/><\/span><\/td>\n<td><\/td>\n<td valign=\"top\"><span class=\"Estilo11 style8\"><span class=\"Estilo11 style8\"><strong>Feria Internacional de Tecnolog\u00eda para<br \/>\nHelados, Confituras, Chocolates,<br \/>\nPanificados, Pastas, Pizzas y Art\u00edculos<br \/>\nde Conveniencia<br \/>\nDel 1 al 4 Junio 2015<br \/>\nCentro Costa Salguero<br \/>\nBuenos Aires \u2013 Argentina<\/strong><\/span><\/span><\/p>\n<p><a class=\"botones\" href=\"http:\/\/www.fithep-expoalimentaria.com\/system\/index.php\" target=\"_blank\" rel=\"noopener\">&gt;&gt; Ver m\u00e1s informaci\u00f3n<\/a><\/td>\n<\/tr>\n<tr>\n<td align=\"center\" valign=\"middle\" height=\"134\"><span class=\"Estilo11 style33\"><img loading=\"lazy\" decoding=\"async\" src=\"http:\/\/www.maglaweb.com.ar\/imagenes\/fithep2013.jpg\" width=\"117\" height=\"105\" \/><\/span><\/td>\n<td><\/td>\n<td valign=\"top\">\n<p class=\"style38\">Feria Internacional de Tecnolog\u00eda para<br \/>\nHelados, Confituras, Chocolates,<br \/>\nPanificados, Pastas, Pizzas y Art\u00edculos<br \/>\nde Conveniencia<br \/>\nDel 10 al 14 Junio 2013<br \/>\nCentro Costa Salguero<br \/>\nBuenos Aires \u2013 Argentina<\/p>\n<p><a class=\"botones\" href=\"http:\/\/www.maglaweb.com.ar\/castanas-en-almibar-marron-glace\/eventos\/fithep-2013\/\">&gt;&gt; Ver im\u00e1genes del evento<\/a><\/td>\n<\/tr>\n<tr>\n<td align=\"center\" valign=\"middle\" height=\"134\"><span class=\"Estilo11 style33\"><img loading=\"lazy\" decoding=\"async\" src=\"http:\/\/www.maglaweb.com.ar\/imagenes\/fithep2011.jpg\" width=\"131\" height=\"85\" \/><\/span><\/td>\n<td><\/td>\n<td valign=\"top\"><span class=\"style38\"><span class=\"style38\">Feria Internacional de Tecnolog\u00eda para Helados, Confituras, Chocolates, Panificados, Pastas, Pizzas y Art\u00edculos<br \/>\nde Conveniencia<br \/>\nDel 13 al 17 Junio 2011<br \/>\nCentro Costa Salguero<br \/>\nBuenos Aires \u2013 Argentina<\/span><\/span><\/p>\n<p><a class=\"botones\" href=\"http:\/\/www.maglaweb.com.ar\/castanas-en-almibar-marron-glace\/eventos\/fithep-2011\/\">&gt;&gt; Ver im\u00e1genes del evento<\/a><\/td>\n<\/tr>\n<tr>\n<td align=\"center\" valign=\"middle\" height=\"134\"><span class=\"Estilo11 style33\"><img loading=\"lazy\" decoding=\"async\" src=\"http:\/\/www.maglaweb.com.ar\/imagenes\/fitehp_junio13.jpg\" width=\"117\" height=\"117\" \/><\/span><\/td>\n<td><\/td>\n<td valign=\"top\"><span class=\"style38\"><span class=\"style38\">En el marco de la FITHEP 2011, el lunes 13 de junio el Maestro Panadero Profesor Alejandro Pronzatti, brind\u00f3 una charla denominada \u201cHarina de Casta\u00f1as, Novedad en el mercado para Reposter\u00eda<br \/>\ny Panader\u00eda\u201d<\/span><\/span><\/p>\n<p><a class=\"botones\" href=\"http:\/\/www.maglaweb.com.ar\/castanas-en-almibar-marron-glace\/eventos\/fithep-2011-2\/\">&gt;&gt; Ver im\u00e1genes de la charla<\/a><\/td>\n<\/tr>\n<tr>\n<td align=\"center\" valign=\"middle\" height=\"134\"><img loading=\"lazy\" decoding=\"async\" src=\"http:\/\/www.maglaweb.com.ar\/imagenes\/sorveteria.jpg\" width=\"140\" height=\"41\" \/><\/td>\n<td><\/td>\n<td valign=\"top\"><span class=\"style38\"><span class=\"style38\">V Seminario<br \/>\nTendencias do mundo do sorvete<br \/>\nEXPO GRAMADO 2014<br \/>\nGramado &#8211; Rio Grande do Sul &#8211; Brasil<br \/>\n29 a 31 de Agosto 2014<\/span><\/span><\/p>\n<p><a class=\"botones\" href=\"http:\/\/www.maglaweb.com.ar\/castanas-en-almibar-marron-glace\/eventos\/castanas-magla-en-brasil\/\">&gt;&gt; Ver im\u00e1genes del evento<\/a><\/td>\n<\/tr>\n<\/tbody>\n<\/table>\n","protected":false},"excerpt":{"rendered":"<p>Feria Internacional de Tecnolog\u00eda para Helados, Confituras, Chocolates, Panificados, Pastas, Pizzas y Art\u00edculos de Conveniencia Del 5 al 8 Junio 2017 Centro Costa Salguero Buenos Aires \u2013 Argentina &gt;&gt; Ver m\u00e1s informaci\u00f3n Feria Internacional de Tecnolog\u00eda para Helados, Confituras, Chocolates, Panificados, Pastas, Pizzas y Art\u00edculos de Conveniencia Del 1 al 4 Junio 2015 Centro Costa Salguero Buenos Aires \u2013 Argentina &gt;&gt; Ver m\u00e1s informaci\u00f3n Feria Internacional de Tecnolog\u00eda para Helados, Confituras, Chocolates, Panificados, Pastas, Pizzas y Art\u00edculos de Conveniencia Del [&hellip;]<\/p>\n","protected":false},"author":1,"featured_media":0,"parent":0,"menu_order":0,"comment_status":"closed","ping_status":"closed","template":"","meta":{"footnotes":""},"class_list":["post-24","page","type-page","status-publish","hentry"],"aioseo_notices":[],"_links":{"self":[{"href":"https:\/\/www.maglaweb.com.ar\/castanas-en-almibar-marron-glace\/wp-json\/wp\/v2\/pages\/24","targetHints":{"allow":["GET"]}}],"collection":[{"href":"https:\/\/www.maglaweb.com.ar\/castanas-en-almibar-marron-glace\/wp-json\/wp\/v2\/pages"}],"about":[{"href":"https:\/\/www.maglaweb.com.ar\/castanas-en-almibar-marron-glace\/wp-json\/wp\/v2\/types\/page"}],"author":[{"embeddable":true,"href":"https:\/\/www.maglaweb.com.ar\/castanas-en-almibar-marron-glace\/wp-json\/wp\/v2\/users\/1"}],"replies":[{"embeddable":true,"href":"https:\/\/www.maglaweb.com.ar\/castanas-en-almibar-marron-glace\/wp-json\/wp\/v2\/comments?post=24"}],"version-history":[{"count":9,"href":"https:\/\/www.maglaweb.com.ar\/castanas-en-almibar-marron-glace\/wp-json\/wp\/v2\/pages\/24\/revisions"}],"predecessor-version":[{"id":179,"href":"https:\/\/www.maglaweb.com.ar\/castanas-en-almibar-marron-glace\/wp-json\/wp\/v2\/pages\/24\/revisions\/179"}],"wp:attachment":[{"href":"https:\/\/www.maglaweb.com.ar\/castanas-en-almibar-marron-glace\/wp-json\/wp\/v2\/media?parent=24"}],"curies":[{"name":"wp","href":"https:\/\/api.w.org\/{rel}","templated":true}]}}