{"id":200,"date":"2017-08-28T18:07:54","date_gmt":"2017-08-28T18:07:54","guid":{"rendered":"http:\/\/www.maglaweb.com.ar\/castanas-en-almibar-marron-glace\/?page_id=200"},"modified":"2017-08-28T18:07:54","modified_gmt":"2017-08-28T18:07:54","slug":"harina-de-castanas","status":"publish","type":"page","link":"https:\/\/www.maglaweb.com.ar\/castanas-en-almibar-marron-glace\/harina-de-castanas\/","title":{"rendered":"Harina de Casta\u00f1as"},"content":{"rendered":"<p>La harina de casta\u00f1as es un alimento muy rico en prote\u00ednas, minerales (f\u00f3sforo, calcio, hierro, zinc, magnesio y cobre) y vitaminas (del tipo B y \u00e1cido f\u00f3lico). Carece de gluten y es abundante en hidratos de carbono, adem\u00e1s no contiene colesterol y aporta gran cantidad de fibras. Adem\u00e1s de poseer un sabor excepcional, ofrece beneficios a nivel muscular, circulatorio, es antian\u00e9mica, antis\u00e9ptica y por si fuera poco tiene gran capacidad para aumentar las defensas del cuerpo y combatir los estados depresivos. Resulta un alimento ideal para cel\u00edacos, hipertensos, ancianos, personas con d\u00e9ficits nutricionales, con estados diarreicos, etc. Estas harinas pueden ser utilizadas mezcl\u00e1ndolas con las harinas tradicionales y en una gran variedad de platos, salados, dulces, cremas, postres, etc., su utilizaci\u00f3n es interminable y sus beneficios son incalculables para a salud.<\/p>\n<p>Para conocer los usos de la harina de casta\u00f1as, por favor contactarse con nuestro Dpto. Comercial para solicitar el recetario correspondiente.<\/p>\n<p><strong>Departamento Comercial<\/strong><br \/>\n<strong>Telefax:<\/strong> (54-11) 4682 2492<br \/>\n<strong>Email:<\/strong> info@maglaweb.com.ar<\/p>\n<p>&nbsp;<\/p>\n","protected":false},"excerpt":{"rendered":"<p>La harina de casta\u00f1as es un alimento muy rico en prote\u00ednas, minerales (f\u00f3sforo, calcio, hierro, zinc, magnesio y cobre) y vitaminas (del tipo B y \u00e1cido f\u00f3lico). Carece de gluten y es abundante en hidratos de carbono, adem\u00e1s no contiene colesterol y aporta gran cantidad de fibras. Adem\u00e1s de poseer un sabor excepcional, ofrece beneficios a nivel muscular, circulatorio, es antian\u00e9mica, antis\u00e9ptica y por si fuera poco tiene gran capacidad para aumentar las defensas del cuerpo y combatir los estados [&hellip;]<\/p>\n","protected":false},"author":1,"featured_media":0,"parent":0,"menu_order":0,"comment_status":"closed","ping_status":"closed","template":"","meta":{"footnotes":""},"class_list":["post-200","page","type-page","status-publish","hentry"],"aioseo_notices":[],"_links":{"self":[{"href":"https:\/\/www.maglaweb.com.ar\/castanas-en-almibar-marron-glace\/wp-json\/wp\/v2\/pages\/200","targetHints":{"allow":["GET"]}}],"collection":[{"href":"https:\/\/www.maglaweb.com.ar\/castanas-en-almibar-marron-glace\/wp-json\/wp\/v2\/pages"}],"about":[{"href":"https:\/\/www.maglaweb.com.ar\/castanas-en-almibar-marron-glace\/wp-json\/wp\/v2\/types\/page"}],"author":[{"embeddable":true,"href":"https:\/\/www.maglaweb.com.ar\/castanas-en-almibar-marron-glace\/wp-json\/wp\/v2\/users\/1"}],"replies":[{"embeddable":true,"href":"https:\/\/www.maglaweb.com.ar\/castanas-en-almibar-marron-glace\/wp-json\/wp\/v2\/comments?post=200"}],"version-history":[{"count":1,"href":"https:\/\/www.maglaweb.com.ar\/castanas-en-almibar-marron-glace\/wp-json\/wp\/v2\/pages\/200\/revisions"}],"predecessor-version":[{"id":201,"href":"https:\/\/www.maglaweb.com.ar\/castanas-en-almibar-marron-glace\/wp-json\/wp\/v2\/pages\/200\/revisions\/201"}],"wp:attachment":[{"href":"https:\/\/www.maglaweb.com.ar\/castanas-en-almibar-marron-glace\/wp-json\/wp\/v2\/media?parent=200"}],"curies":[{"name":"wp","href":"https:\/\/api.w.org\/{rel}","templated":true}]}}