{"id":185,"date":"2017-08-28T18:01:43","date_gmt":"2017-08-28T18:01:43","guid":{"rendered":"http:\/\/www.maglaweb.com.ar\/castanas-en-almibar-marron-glace\/?page_id=185"},"modified":"2017-08-28T18:03:08","modified_gmt":"2017-08-28T18:03:08","slug":"links-de-interes","status":"publish","type":"page","link":"https:\/\/www.maglaweb.com.ar\/castanas-en-almibar-marron-glace\/links-de-interes\/","title":{"rendered":"Links de Inter\u00e9s"},"content":{"rendered":"<p><strong><a class=\"Estilo114\" href=\"http:\/\/www.ingridcuk.com.ar\/\" target=\"_blank\" rel=\"noopener\">Ingrid Cuk \u2013 Chef Chocolatier<\/a><\/strong><a class=\"style111\" href=\"http:\/\/www.ingridcuk.com.ar\/\" target=\"_blank\" rel=\"noopener\"><br \/>\n<span class=\"Estilo112\">Conozca todos los secretos del chocolate<\/span><\/a><\/p>\n<p><span class=\"boton  Estilo113\"><strong><a class=\"style111\" href=\"http:\/\/recetasconamorparaceliacos.blogspot.com\/\" target=\"_blank\" rel=\"noopener\">M\u00f3nica Cortizas \u2013 Cocina para cel\u00edacos<\/a><\/strong><\/span><span class=\"boton style10\"><a class=\"style111\" href=\"http:\/\/recetasconamorparaceliacos.blogspot.com\/\" target=\"_blank\" rel=\"noopener\"><br \/>\n<span class=\"Estilo112\">Elabora recetas para cel\u00edacos utilizando casta\u00f1as<\/span><\/a><\/span><\/p>\n<p><strong><a class=\"style111\" href=\"http:\/\/www.serceliaco.com.ar\/\" target=\"_blank\" rel=\"noopener\"><span class=\"Estilo113\">Ser Cel\u00edaco \u2013 Cocina para cel\u00edacos<\/span><br \/>\n<span class=\"style131\">Portal informativo para cel\u00edacos\u00a0<\/span><\/a><\/strong><\/p>\n<p>&nbsp;<\/p>\n<p>Para mayor informaci\u00f3n cont\u00e1ctese con nuestro departamento comercial:<br \/>\n<strong><br \/>\nTelefax:<\/strong>\u00a0(54-11) 4682 2492<\/p>\n<p><strong>Email:<\/strong>\u00a0<a class=\"brand\" href=\"mailto:info@maglaweb.com.ar\">info@maglaweb.com.ar<\/a><\/p>\n<p>&nbsp;<\/p>\n","protected":false},"excerpt":{"rendered":"<p>Ingrid Cuk \u2013 Chef Chocolatier Conozca todos los secretos del chocolate M\u00f3nica Cortizas \u2013 Cocina para cel\u00edacos Elabora recetas para cel\u00edacos utilizando casta\u00f1as Ser Cel\u00edaco \u2013 Cocina para cel\u00edacos Portal informativo para cel\u00edacos\u00a0 &nbsp; Para mayor informaci\u00f3n cont\u00e1ctese con nuestro departamento comercial: Telefax:\u00a0(54-11) 4682 2492 Email:\u00a0info@maglaweb.com.ar &nbsp;<\/p>\n","protected":false},"author":1,"featured_media":0,"parent":0,"menu_order":0,"comment_status":"closed","ping_status":"closed","template":"","meta":{"footnotes":""},"class_list":["post-185","page","type-page","status-publish","hentry"],"aioseo_notices":[],"_links":{"self":[{"href":"https:\/\/www.maglaweb.com.ar\/castanas-en-almibar-marron-glace\/wp-json\/wp\/v2\/pages\/185","targetHints":{"allow":["GET"]}}],"collection":[{"href":"https:\/\/www.maglaweb.com.ar\/castanas-en-almibar-marron-glace\/wp-json\/wp\/v2\/pages"}],"about":[{"href":"https:\/\/www.maglaweb.com.ar\/castanas-en-almibar-marron-glace\/wp-json\/wp\/v2\/types\/page"}],"author":[{"embeddable":true,"href":"https:\/\/www.maglaweb.com.ar\/castanas-en-almibar-marron-glace\/wp-json\/wp\/v2\/users\/1"}],"replies":[{"embeddable":true,"href":"https:\/\/www.maglaweb.com.ar\/castanas-en-almibar-marron-glace\/wp-json\/wp\/v2\/comments?post=185"}],"version-history":[{"count":2,"href":"https:\/\/www.maglaweb.com.ar\/castanas-en-almibar-marron-glace\/wp-json\/wp\/v2\/pages\/185\/revisions"}],"predecessor-version":[{"id":187,"href":"https:\/\/www.maglaweb.com.ar\/castanas-en-almibar-marron-glace\/wp-json\/wp\/v2\/pages\/185\/revisions\/187"}],"wp:attachment":[{"href":"https:\/\/www.maglaweb.com.ar\/castanas-en-almibar-marron-glace\/wp-json\/wp\/v2\/media?parent=185"}],"curies":[{"name":"wp","href":"https:\/\/api.w.org\/{rel}","templated":true}]}}