{"id":18,"date":"2017-08-02T19:19:12","date_gmt":"2017-08-02T19:19:12","guid":{"rendered":"http:\/\/www.maglaweb.com.ar\/castanas-en-almibar-marron-glace\/?page_id=18"},"modified":"2017-08-02T19:19:12","modified_gmt":"2017-08-02T19:19:12","slug":"quienes-somos","status":"publish","type":"page","link":"https:\/\/www.maglaweb.com.ar\/castanas-en-almibar-marron-glace\/quienes-somos\/","title":{"rendered":"Qui\u00e9nes Somos"},"content":{"rendered":"<p>Somos Magla, una empresa familiar con una tradici\u00f3n en la elaboraci\u00f3n de casta\u00f1as en alm\u00edbar por m\u00e1s de 45 a\u00f1os, siguiendo recetas europeas y respetando los m\u00e9todos artesanales sin el agregado de conservantes, para lograr un producto de la m\u00e1s alta calidad y cumplir con las exigentes expectativas de nuestros clientes.<br \/>\nLos comienzos de MAGLA se remontan al a\u00f1o 1961 cuando la empresa fue fundada por A. Becerra quien luego de varios a\u00f1os, deja la actividad en la elaboraci\u00f3n de dulces, para traspasarle el legado a JOSE MOSQUERA quien se hace cargo de la misma a partir de fines del a\u00f1o 1975.<\/p>\n<p>A partir de \u00e9ste cambio es que comenzamos a distribuir todos nuestros productos a nivel nacional, utilizando distintos envases de acuerdo a los requerimientos de cada industria y posteriormente incorporamos otros mercados de exportaci\u00f3n habiendo pasado estrictos controles de calidad de las distintas autoridades sanitarias de los pa\u00edses extranjeros donde hemos sido recibidos.<\/p>\n<p>En la actualidad, en los locales de venta de delicias e incluso en aquellos que venden regalos empresarios, ya son infaltables y muy reconocidos nuestros frascos de casta\u00f1as en alm\u00edbar y crema de casta\u00f1as, as\u00ed como tambi\u00e9n ya son tradicionales en la industria gastron\u00f3mica las latas de casta\u00f1as en alm\u00edbar y crema de casta\u00f1as para preparar el delicioso marr\u00f3n glac\u00e9.<\/p>\n<p><strong>Para mayor informaci\u00f3n cont\u00e1ctese con nuestro departamento comercial:<\/strong><\/p>\n<p><strong>Telefax:<\/strong> (54-11) 4682 2492<br \/>\n<strong>Email:<\/strong> <a href=\"mailto:info@maglaweb.com.ar\">info@maglaweb.com.ar<\/a><\/p>\n<p>&nbsp;<\/p>\n","protected":false},"excerpt":{"rendered":"<p>Somos Magla, una empresa familiar con una tradici\u00f3n en la elaboraci\u00f3n de casta\u00f1as en alm\u00edbar por m\u00e1s de 45 a\u00f1os, siguiendo recetas europeas y respetando los m\u00e9todos artesanales sin el agregado de conservantes, para lograr un producto de la m\u00e1s alta calidad y cumplir con las exigentes expectativas de nuestros clientes. Los comienzos de MAGLA se remontan al a\u00f1o 1961 cuando la empresa fue fundada por A. Becerra quien luego de varios a\u00f1os, deja la actividad en la elaboraci\u00f3n de [&hellip;]<\/p>\n","protected":false},"author":1,"featured_media":0,"parent":0,"menu_order":0,"comment_status":"closed","ping_status":"closed","template":"","meta":{"footnotes":""},"class_list":["post-18","page","type-page","status-publish","hentry"],"aioseo_notices":[],"_links":{"self":[{"href":"https:\/\/www.maglaweb.com.ar\/castanas-en-almibar-marron-glace\/wp-json\/wp\/v2\/pages\/18","targetHints":{"allow":["GET"]}}],"collection":[{"href":"https:\/\/www.maglaweb.com.ar\/castanas-en-almibar-marron-glace\/wp-json\/wp\/v2\/pages"}],"about":[{"href":"https:\/\/www.maglaweb.com.ar\/castanas-en-almibar-marron-glace\/wp-json\/wp\/v2\/types\/page"}],"author":[{"embeddable":true,"href":"https:\/\/www.maglaweb.com.ar\/castanas-en-almibar-marron-glace\/wp-json\/wp\/v2\/users\/1"}],"replies":[{"embeddable":true,"href":"https:\/\/www.maglaweb.com.ar\/castanas-en-almibar-marron-glace\/wp-json\/wp\/v2\/comments?post=18"}],"version-history":[{"count":1,"href":"https:\/\/www.maglaweb.com.ar\/castanas-en-almibar-marron-glace\/wp-json\/wp\/v2\/pages\/18\/revisions"}],"predecessor-version":[{"id":19,"href":"https:\/\/www.maglaweb.com.ar\/castanas-en-almibar-marron-glace\/wp-json\/wp\/v2\/pages\/18\/revisions\/19"}],"wp:attachment":[{"href":"https:\/\/www.maglaweb.com.ar\/castanas-en-almibar-marron-glace\/wp-json\/wp\/v2\/media?parent=18"}],"curies":[{"name":"wp","href":"https:\/\/api.w.org\/{rel}","templated":true}]}}