{"id":112,"date":"2017-08-24T21:03:24","date_gmt":"2017-08-24T21:03:24","guid":{"rendered":"http:\/\/www.maglaweb.com.ar\/castanas-en-almibar-marron-glace\/?page_id=112"},"modified":"2026-03-31T12:31:48","modified_gmt":"2026-03-31T12:31:48","slug":"castanas-en-almibar-en-trozos","status":"publish","type":"page","link":"https:\/\/www.maglaweb.com.ar\/castanas-en-almibar-marron-glace\/productos\/castanas-en-almibar-en-trozos\/","title":{"rendered":"Casta\u00f1as en almibar en trozos"},"content":{"rendered":"<p><strong>Presentaci\u00f3n en Lata<\/strong><\/p>\n<p><img loading=\"lazy\" decoding=\"async\" src=\"http:\/\/www.maglaweb.com.ar\/castanas-en-almibar-marron-glace\/wp-content\/uploads\/2026\/03\/trozos.jpg\" alt=\"\" width=\"350\" height=\"392\"  \/><\/p>\n<p>&nbsp;<\/p>\n<p><strong>Ingredientes:<\/strong> casta\u00f1as, az\u00facar, agua, glucosa, vainillina.<br \/>\n<strong>Conservaci\u00f3n:<\/strong> Conservar en lugar fresco y seco.<br \/>\nUna vez abierto conservar en heladera con una temperatura de 2 a 6 grados cent\u00edgrados.<br \/>\n<strong>Contenido:<\/strong> Peso Escurrido 2 kg. &#8211; Peso Neto 3.2 kg.<br \/>\n<strong>Embalaje:<\/strong> Cajas de cart\u00f3n conteniendo 4 latas.<br \/>\nSin conservantes ni agregados qu\u00edmicos.<\/p>\n<p>&nbsp;<\/p>\n<p><strong><a href=\"http:\/\/www.maglaweb.com.ar\/castanas-en-almibar-marron-glace\/productos\/\">&lt;&lt; Volver<\/a><\/strong><\/p>\n<p>&nbsp;<\/p>\n","protected":false},"excerpt":{"rendered":"<p>Presentaci\u00f3n en Lata &nbsp; Ingredientes: casta\u00f1as, az\u00facar, agua, glucosa, vainillina. Conservaci\u00f3n: Conservar en lugar fresco y seco. Una vez abierto conservar en heladera con una temperatura de 2 a 6 grados cent\u00edgrados. Contenido: Peso Escurrido 2 kg. &#8211; Peso Neto 3.2 kg. Embalaje: Cajas de cart\u00f3n conteniendo 4 latas. Sin conservantes ni agregados qu\u00edmicos. &nbsp; &lt;&lt; Volver &nbsp;<\/p>\n","protected":false},"author":1,"featured_media":0,"parent":60,"menu_order":0,"comment_status":"closed","ping_status":"closed","template":"","meta":{"footnotes":""},"class_list":["post-112","page","type-page","status-publish","hentry"],"aioseo_notices":[],"_links":{"self":[{"href":"https:\/\/www.maglaweb.com.ar\/castanas-en-almibar-marron-glace\/wp-json\/wp\/v2\/pages\/112","targetHints":{"allow":["GET"]}}],"collection":[{"href":"https:\/\/www.maglaweb.com.ar\/castanas-en-almibar-marron-glace\/wp-json\/wp\/v2\/pages"}],"about":[{"href":"https:\/\/www.maglaweb.com.ar\/castanas-en-almibar-marron-glace\/wp-json\/wp\/v2\/types\/page"}],"author":[{"embeddable":true,"href":"https:\/\/www.maglaweb.com.ar\/castanas-en-almibar-marron-glace\/wp-json\/wp\/v2\/users\/1"}],"replies":[{"embeddable":true,"href":"https:\/\/www.maglaweb.com.ar\/castanas-en-almibar-marron-glace\/wp-json\/wp\/v2\/comments?post=112"}],"version-history":[{"count":4,"href":"https:\/\/www.maglaweb.com.ar\/castanas-en-almibar-marron-glace\/wp-json\/wp\/v2\/pages\/112\/revisions"}],"predecessor-version":[{"id":264,"href":"https:\/\/www.maglaweb.com.ar\/castanas-en-almibar-marron-glace\/wp-json\/wp\/v2\/pages\/112\/revisions\/264"}],"up":[{"embeddable":true,"href":"https:\/\/www.maglaweb.com.ar\/castanas-en-almibar-marron-glace\/wp-json\/wp\/v2\/pages\/60"}],"wp:attachment":[{"href":"https:\/\/www.maglaweb.com.ar\/castanas-en-almibar-marron-glace\/wp-json\/wp\/v2\/media?parent=112"}],"curies":[{"name":"wp","href":"https:\/\/api.w.org\/{rel}","templated":true}]}}