{"id":169,"date":"2017-08-28T13:27:17","date_gmt":"2017-08-28T13:27:17","guid":{"rendered":"http:\/\/www.maglaweb.com.ar\/castanas-en-almibar-marron-glace\/?page_id=169"},"modified":"2017-08-28T13:27:17","modified_gmt":"2017-08-28T13:27:17","slug":"fithep-2011-2","status":"publish","type":"page","link":"http:\/\/www.maglaweb.com.ar\/castanas-en-almibar-marron-glace\/eventos\/fithep-2011-2\/","title":{"rendered":"FITHEP 2011"},"content":{"rendered":"<p>En el marco de la FITHEP 2011, el lunes 13 de junio el Maestro Panadero Profesor Alejandro Pronzatti, brind\u00f3 una charla denominada \u201cHarina de Casta\u00f1as, Novedad en el mercado para Reposter\u00eda y Panader\u00eda.<\/p>\n<p><img loading=\"lazy\" decoding=\"async\" src=\"http:\/\/www.maglaweb.com.ar\/castanas-en-almibar-marron-glace\/wp-content\/uploads\/2017\/08\/fitehp_junio13_1.jpg\" alt=\"\" width=\"200\" height=\"172\" \/>\u00a0\u00a0<img loading=\"lazy\" decoding=\"async\" src=\"http:\/\/www.maglaweb.com.ar\/castanas-en-almibar-marron-glace\/wp-content\/uploads\/2017\/08\/fitehp_junio13_3.jpg\" alt=\"\" width=\"200\" height=\"172\" \/><\/p>\n<p>&nbsp;<\/p>\n<p>&nbsp;<\/p>\n","protected":false},"excerpt":{"rendered":"<p>En el marco de la FITHEP 2011, el lunes 13 de junio el Maestro Panadero Profesor Alejandro Pronzatti, brind\u00f3 una charla denominada \u201cHarina de Casta\u00f1as, Novedad en el mercado para Reposter\u00eda y Panader\u00eda. \u00a0\u00a0 &nbsp; &nbsp;<\/p>\n","protected":false},"author":1,"featured_media":0,"parent":24,"menu_order":0,"comment_status":"closed","ping_status":"closed","template":"","meta":{"footnotes":""},"class_list":["post-169","page","type-page","status-publish","hentry"],"aioseo_notices":[],"_links":{"self":[{"href":"http:\/\/www.maglaweb.com.ar\/castanas-en-almibar-marron-glace\/wp-json\/wp\/v2\/pages\/169","targetHints":{"allow":["GET"]}}],"collection":[{"href":"http:\/\/www.maglaweb.com.ar\/castanas-en-almibar-marron-glace\/wp-json\/wp\/v2\/pages"}],"about":[{"href":"http:\/\/www.maglaweb.com.ar\/castanas-en-almibar-marron-glace\/wp-json\/wp\/v2\/types\/page"}],"author":[{"embeddable":true,"href":"http:\/\/www.maglaweb.com.ar\/castanas-en-almibar-marron-glace\/wp-json\/wp\/v2\/users\/1"}],"replies":[{"embeddable":true,"href":"http:\/\/www.maglaweb.com.ar\/castanas-en-almibar-marron-glace\/wp-json\/wp\/v2\/comments?post=169"}],"version-history":[{"count":1,"href":"http:\/\/www.maglaweb.com.ar\/castanas-en-almibar-marron-glace\/wp-json\/wp\/v2\/pages\/169\/revisions"}],"predecessor-version":[{"id":172,"href":"http:\/\/www.maglaweb.com.ar\/castanas-en-almibar-marron-glace\/wp-json\/wp\/v2\/pages\/169\/revisions\/172"}],"up":[{"embeddable":true,"href":"http:\/\/www.maglaweb.com.ar\/castanas-en-almibar-marron-glace\/wp-json\/wp\/v2\/pages\/24"}],"wp:attachment":[{"href":"http:\/\/www.maglaweb.com.ar\/castanas-en-almibar-marron-glace\/wp-json\/wp\/v2\/media?parent=169"}],"curies":[{"name":"wp","href":"https:\/\/api.w.org\/{rel}","templated":true}]}}