{"id":159,"date":"2017-08-28T13:24:09","date_gmt":"2017-08-28T13:24:09","guid":{"rendered":"http:\/\/www.maglaweb.com.ar\/castanas-en-almibar-marron-glace\/?page_id=159"},"modified":"2017-08-28T13:25:19","modified_gmt":"2017-08-28T13:25:19","slug":"fithep-2011","status":"publish","type":"page","link":"http:\/\/www.maglaweb.com.ar\/castanas-en-almibar-marron-glace\/eventos\/fithep-2011\/","title":{"rendered":"FITHEP 2011"},"content":{"rendered":"<p>Durante los d\u00edas 13 al 17 Junio de 2011, en las instalaciones del Centro Costa Salguero de la ciudad de Buenos Aires, se llev\u00f3 a cabo la Feria Internacional de Tecnolog\u00eda para Helados, Confituras, Chocolates, Panificados, Pastas, Pizzas y Art\u00edculos de Conveniencia.<br \/>\nComo es habitual, nuestra empresa estuvo all\u00ed presente mediante un stand y, adem\u00e1s, aprovechamos la ocasi\u00f3n para brindar charlas muy concurridas por cierto.<br \/>\nQueremos agradecer a todos nuestros clientes y amigos que nos acompa\u00f1aron durante este evento e invitarlos para el pr\u00f3ximo que tendr\u00e1 lugar dentro de 2 a\u00f1os.<\/p>\n<p><strong>Lunes 13 de junio de 2011<\/strong><\/p>\n<p><strong>El Maestro Panadero Profesor Alejandro Pronzatti, brind\u00f3 una charla denominada \u00abHarina de C<\/strong><\/p>\n<p><img loading=\"lazy\" decoding=\"async\" src=\"http:\/\/www.maglaweb.com.ar\/castanas-en-almibar-marron-glace\/wp-content\/uploads\/2017\/08\/fitehp_junio13_1_c.jpg\" alt=\"\" width=\"140\" height=\"119\" \/>\u00a0\u00a0<img loading=\"lazy\" decoding=\"async\" src=\"http:\/\/www.maglaweb.com.ar\/castanas-en-almibar-marron-glace\/wp-content\/uploads\/2017\/08\/fitehp_junio13_2c.jpg\" alt=\"\" width=\"140\" height=\"119\" \/><\/p>\n<p><strong>Martes 14 de junio de 2011<\/strong><\/p>\n<p>La Chef Chocolatier Ingrid Cuk de la Escuela del Chocolate brind\u00f3 una charla denominada \u201cLas Casta\u00f1as y el Chocolate, un duo refinado y elegante que apunta al Mercado Gourmet\u201d<\/p>\n<p><img loading=\"lazy\" decoding=\"async\" src=\"http:\/\/www.maglaweb.com.ar\/castanas-en-almibar-marron-glace\/wp-content\/uploads\/2017\/08\/fithep_junio14.jpg\" alt=\"\" width=\"140\" height=\"119\" \/> <img loading=\"lazy\" decoding=\"async\" src=\"http:\/\/www.maglaweb.com.ar\/castanas-en-almibar-marron-glace\/wp-content\/uploads\/2017\/08\/fithep_junio14_2.jpg\" alt=\"\" width=\"140\" height=\"119\" \/> <img loading=\"lazy\" decoding=\"async\" src=\"http:\/\/www.maglaweb.com.ar\/castanas-en-almibar-marron-glace\/wp-content\/uploads\/2017\/08\/fithep_junio14_3.jpg\" alt=\"\" width=\"140\" height=\"119\" \/><\/p>\n","protected":false},"excerpt":{"rendered":"<p>Durante los d\u00edas 13 al 17 Junio de 2011, en las instalaciones del Centro Costa Salguero de la ciudad de Buenos Aires, se llev\u00f3 a cabo la Feria Internacional de Tecnolog\u00eda para Helados, Confituras, Chocolates, Panificados, Pastas, Pizzas y Art\u00edculos de Conveniencia. Como es habitual, nuestra empresa estuvo all\u00ed presente mediante un stand y, adem\u00e1s, aprovechamos la ocasi\u00f3n para brindar charlas muy concurridas por cierto. Queremos agradecer a todos nuestros clientes y amigos que nos acompa\u00f1aron durante este evento e [&hellip;]<\/p>\n","protected":false},"author":1,"featured_media":0,"parent":24,"menu_order":0,"comment_status":"closed","ping_status":"closed","template":"","meta":{"footnotes":""},"class_list":["post-159","page","type-page","status-publish","hentry"],"aioseo_notices":[],"_links":{"self":[{"href":"http:\/\/www.maglaweb.com.ar\/castanas-en-almibar-marron-glace\/wp-json\/wp\/v2\/pages\/159","targetHints":{"allow":["GET"]}}],"collection":[{"href":"http:\/\/www.maglaweb.com.ar\/castanas-en-almibar-marron-glace\/wp-json\/wp\/v2\/pages"}],"about":[{"href":"http:\/\/www.maglaweb.com.ar\/castanas-en-almibar-marron-glace\/wp-json\/wp\/v2\/types\/page"}],"author":[{"embeddable":true,"href":"http:\/\/www.maglaweb.com.ar\/castanas-en-almibar-marron-glace\/wp-json\/wp\/v2\/users\/1"}],"replies":[{"embeddable":true,"href":"http:\/\/www.maglaweb.com.ar\/castanas-en-almibar-marron-glace\/wp-json\/wp\/v2\/comments?post=159"}],"version-history":[{"count":3,"href":"http:\/\/www.maglaweb.com.ar\/castanas-en-almibar-marron-glace\/wp-json\/wp\/v2\/pages\/159\/revisions"}],"predecessor-version":[{"id":167,"href":"http:\/\/www.maglaweb.com.ar\/castanas-en-almibar-marron-glace\/wp-json\/wp\/v2\/pages\/159\/revisions\/167"}],"up":[{"embeddable":true,"href":"http:\/\/www.maglaweb.com.ar\/castanas-en-almibar-marron-glace\/wp-json\/wp\/v2\/pages\/24"}],"wp:attachment":[{"href":"http:\/\/www.maglaweb.com.ar\/castanas-en-almibar-marron-glace\/wp-json\/wp\/v2\/media?parent=159"}],"curies":[{"name":"wp","href":"https:\/\/api.w.org\/{rel}","templated":true}]}}