{"id":152,"date":"2017-08-28T13:21:35","date_gmt":"2017-08-28T13:21:35","guid":{"rendered":"http:\/\/www.maglaweb.com.ar\/castanas-en-almibar-marron-glace\/?page_id=152"},"modified":"2017-08-28T13:22:04","modified_gmt":"2017-08-28T13:22:04","slug":"fithep-2013","status":"publish","type":"page","link":"http:\/\/www.maglaweb.com.ar\/castanas-en-almibar-marron-glace\/eventos\/fithep-2013\/","title":{"rendered":"FITHEP 2013"},"content":{"rendered":"<p>Durante los d\u00edas 10 al 14 Junio de 2013, en las instalaciones del Centro Costa Salguero de la ciudad de Buenos Aires, se llev\u00f3 a cabo la Feria Internacional de Tecnolog\u00eda para Helados, Confituras, Chocolates, Panificados, Pastas, Pizzas y Art\u00edculos de Conveniencia, FITHEP 2013.<\/p>\n<p>Como es habitual, nuestra empresa estuvo all\u00ed presente mediante un stand y, adem\u00e1s, aprovechamos la ocasi\u00f3n para brindar charlas muy concurridas por cierto.<br \/>\nQueremos agradecer a todos nuestros clientes y amigos que nos acompa\u00f1aron durante este evento e invitarlos para el pr\u00f3ximo que tendr\u00e1 lugar dentro de 2 a\u00f1os.<\/p>\n<p>&nbsp;<\/p>\n<p><img loading=\"lazy\" decoding=\"async\" src=\"http:\/\/www.maglaweb.com.ar\/castanas-en-almibar-marron-glace\/wp-content\/uploads\/2017\/08\/1.jpg\" alt=\"\" width=\"187\" height=\"122\" \/> <img loading=\"lazy\" decoding=\"async\" src=\"http:\/\/www.maglaweb.com.ar\/castanas-en-almibar-marron-glace\/wp-content\/uploads\/2017\/08\/2.jpg\" alt=\"\" width=\"187\" height=\"122\" \/> <img loading=\"lazy\" decoding=\"async\" src=\"http:\/\/www.maglaweb.com.ar\/castanas-en-almibar-marron-glace\/wp-content\/uploads\/2017\/08\/3.jpg\" alt=\"\" width=\"187\" height=\"122\" \/><\/p>\n","protected":false},"excerpt":{"rendered":"<p>Durante los d\u00edas 10 al 14 Junio de 2013, en las instalaciones del Centro Costa Salguero de la ciudad de Buenos Aires, se llev\u00f3 a cabo la Feria Internacional de Tecnolog\u00eda para Helados, Confituras, Chocolates, Panificados, Pastas, Pizzas y Art\u00edculos de Conveniencia, FITHEP 2013. Como es habitual, nuestra empresa estuvo all\u00ed presente mediante un stand y, adem\u00e1s, aprovechamos la ocasi\u00f3n para brindar charlas muy concurridas por cierto. Queremos agradecer a todos nuestros clientes y amigos que nos acompa\u00f1aron durante este [&hellip;]<\/p>\n","protected":false},"author":1,"featured_media":0,"parent":24,"menu_order":0,"comment_status":"closed","ping_status":"closed","template":"","meta":{"footnotes":""},"class_list":["post-152","page","type-page","status-publish","hentry"],"aioseo_notices":[],"_links":{"self":[{"href":"http:\/\/www.maglaweb.com.ar\/castanas-en-almibar-marron-glace\/wp-json\/wp\/v2\/pages\/152","targetHints":{"allow":["GET"]}}],"collection":[{"href":"http:\/\/www.maglaweb.com.ar\/castanas-en-almibar-marron-glace\/wp-json\/wp\/v2\/pages"}],"about":[{"href":"http:\/\/www.maglaweb.com.ar\/castanas-en-almibar-marron-glace\/wp-json\/wp\/v2\/types\/page"}],"author":[{"embeddable":true,"href":"http:\/\/www.maglaweb.com.ar\/castanas-en-almibar-marron-glace\/wp-json\/wp\/v2\/users\/1"}],"replies":[{"embeddable":true,"href":"http:\/\/www.maglaweb.com.ar\/castanas-en-almibar-marron-glace\/wp-json\/wp\/v2\/comments?post=152"}],"version-history":[{"count":2,"href":"http:\/\/www.maglaweb.com.ar\/castanas-en-almibar-marron-glace\/wp-json\/wp\/v2\/pages\/152\/revisions"}],"predecessor-version":[{"id":157,"href":"http:\/\/www.maglaweb.com.ar\/castanas-en-almibar-marron-glace\/wp-json\/wp\/v2\/pages\/152\/revisions\/157"}],"up":[{"embeddable":true,"href":"http:\/\/www.maglaweb.com.ar\/castanas-en-almibar-marron-glace\/wp-json\/wp\/v2\/pages\/24"}],"wp:attachment":[{"href":"http:\/\/www.maglaweb.com.ar\/castanas-en-almibar-marron-glace\/wp-json\/wp\/v2\/media?parent=152"}],"curies":[{"name":"wp","href":"https:\/\/api.w.org\/{rel}","templated":true}]}}